{"id":3849,"date":"2014-09-01T17:45:14","date_gmt":"2014-09-01T15:45:14","guid":{"rendered":"https:\/\/www.paterskerk.nl\/?page_id=3849"},"modified":"2015-09-23T09:18:11","modified_gmt":"2015-09-23T07:18:11","slug":"stiftung","status":"publish","type":"page","link":"https:\/\/www.paterskerk.nl\/de\/stiftung\/","title":{"rendered":"Stiftung"},"content":{"rendered":"<p>Die Stiftung Paterskerk de Biest stellt sich die Aufgabe der Instandhaltung und Restauration, der aus 1461 stammende Franziskaner Kirche in Weert. Die Geschichte dieser sp\u00e4tgotischen Klosterkirche fordert eine angemessene Nutzung in einer religi\u00f6sen , kulturellen und sozialen Atmosph\u00e4re.<\/p>\n<p>Die Stiftung Paterskerk de Biest hat seit 1-1.2009 den ANBI Status Spenden an oben genannte Stiftung k\u00f6nnen von der Steuer abgesetzt werden.<\/p>\n<p style=\"color: #282828;\"><a title=\"ANBI\" href=\"http:\/\/anbi.nl\/\" target=\"_blank\"><img loading=\"lazy\" decoding=\"async\" class=\"alignnone size-full wp-image-3403\" src=\"https:\/\/www.paterskerk.nl\/wp-content\/uploads\/2014\/06\/logo_anbi.png\" alt=\"Logo ANBI\" width=\"123\" height=\"98\" \/><\/a><\/p>\n<p style=\"color: #282828;\">Bankverbindung. ING 66.28.66 207 t.n.v. Stichting Paterskerk de Biest<\/p>\n","protected":false},"excerpt":{"rendered":"<p>Die Stiftung Paterskerk de Biest stellt sich die Aufgabe der Instandhaltung und Restauration, der aus 1461 stammende Franziskaner Kirche in Weert. Die Geschichte dieser sp\u00e4tgotischen Klosterkirche fordert eine angemessene Nutzung [&hellip;]<\/p>\n","protected":false},"author":101011,"featured_media":0,"parent":0,"menu_order":0,"comment_status":"closed","ping_status":"closed","template":"","meta":{"footnotes":""},"class_list":["post-3849","page","type-page","status-publish","hentry"],"yoast_head":"<!-- This site is optimized with the Yoast SEO plugin v27.1.1 - https:\/\/yoast.com\/product\/yoast-seo-wordpress\/ -->\n<title>Stiftung - Paterskerk<\/title>\n<meta name=\"description\" content=\"Die Stiftung Paterskerk de Biest stellt sich die Aufgabe der Instandhaltung und Restauration, der aus 1461 stammende Franziskaner Kirche in Weert. Die\" \/>\n<meta name=\"robots\" content=\"index, follow, max-snippet:-1, max-image-preview:large, max-video-preview:-1\" \/>\n<link rel=\"canonical\" href=\"https:\/\/www.paterskerk.nl\/stichting\/\" \/>\n<meta property=\"og:locale\" content=\"de_DE\" \/>\n<meta property=\"og:type\" content=\"article\" \/>\n<meta property=\"og:title\" content=\"Stiftung - Paterskerk\" \/>\n<meta property=\"og:description\" content=\"Die Stiftung Paterskerk de Biest stellt sich die Aufgabe der Instandhaltung und Restauration, der aus 1461 stammende Franziskaner Kirche in Weert. Die\" \/>\n<meta property=\"og:url\" content=\"https:\/\/www.paterskerk.nl\/stichting\/\" \/>\n<meta property=\"og:site_name\" content=\"Paterskerk\" \/>\n<meta property=\"article:modified_time\" content=\"2015-09-23T07:18:11+00:00\" \/>\n<meta property=\"og:image\" content=\"https:\/\/www.paterskerk.nl\/wp-content\/uploads\/2014\/06\/logo_anbi.png\" \/>\n<meta name=\"twitter:card\" content=\"summary_large_image\" \/>\n<script type=\"application\/ld+json\" class=\"yoast-schema-graph\">{\"@context\":\"https:\/\/schema.org\",\"@graph\":[{\"@type\":\"WebPage\",\"@id\":\"https:\/\/www.paterskerk.nl\/stichting\/\",\"url\":\"https:\/\/www.paterskerk.nl\/stichting\/\",\"name\":\"Stiftung - Paterskerk\",\"isPartOf\":{\"@id\":\"https:\/\/www.paterskerk.nl\/#website\"},\"primaryImageOfPage\":{\"@id\":\"https:\/\/www.paterskerk.nl\/stichting\/#primaryimage\"},\"image\":{\"@id\":\"https:\/\/www.paterskerk.nl\/stichting\/#primaryimage\"},\"thumbnailUrl\":\"https:\/\/www.paterskerk.nl\/wp-content\/uploads\/2014\/06\/logo_anbi.png\",\"datePublished\":\"2014-09-01T15:45:14+00:00\",\"dateModified\":\"2015-09-23T07:18:11+00:00\",\"description\":\"Die Stiftung Paterskerk de Biest stellt sich die Aufgabe der Instandhaltung und Restauration, der aus 1461 stammende Franziskaner Kirche in Weert. Die\",\"breadcrumb\":{\"@id\":\"https:\/\/www.paterskerk.nl\/stichting\/#breadcrumb\"},\"inLanguage\":\"de\",\"potentialAction\":[{\"@type\":\"ReadAction\",\"target\":[\"https:\/\/www.paterskerk.nl\/stichting\/\"]}]},{\"@type\":\"ImageObject\",\"inLanguage\":\"de\",\"@id\":\"https:\/\/www.paterskerk.nl\/stichting\/#primaryimage\",\"url\":\"https:\/\/www.paterskerk.nl\/wp-content\/uploads\/2014\/06\/logo_anbi.png\",\"contentUrl\":\"https:\/\/www.paterskerk.nl\/wp-content\/uploads\/2014\/06\/logo_anbi.png\"},{\"@type\":\"BreadcrumbList\",\"@id\":\"https:\/\/www.paterskerk.nl\/stichting\/#breadcrumb\",\"itemListElement\":[{\"@type\":\"ListItem\",\"position\":1,\"name\":\"Home\",\"item\":\"https:\/\/www.paterskerk.nl\/de\/\"},{\"@type\":\"ListItem\",\"position\":2,\"name\":\"Stiftung\"}]},{\"@type\":\"WebSite\",\"@id\":\"https:\/\/www.paterskerk.nl\/#website\",\"url\":\"https:\/\/www.paterskerk.nl\/\",\"name\":\"Paterskerk\",\"description\":\"Uw evenement in een monumentale ambiance\",\"potentialAction\":[{\"@type\":\"SearchAction\",\"target\":{\"@type\":\"EntryPoint\",\"urlTemplate\":\"https:\/\/www.paterskerk.nl\/?s={search_term_string}\"},\"query-input\":{\"@type\":\"PropertyValueSpecification\",\"valueRequired\":true,\"valueName\":\"search_term_string\"}}],\"inLanguage\":\"de\"}]}<\/script>\n<!-- \/ Yoast SEO plugin. -->","yoast_head_json":{"title":"Stiftung - Paterskerk","description":"Die Stiftung Paterskerk de Biest stellt sich die Aufgabe der Instandhaltung und Restauration, der aus 1461 stammende Franziskaner Kirche in Weert. Die","robots":{"index":"index","follow":"follow","max-snippet":"max-snippet:-1","max-image-preview":"max-image-preview:large","max-video-preview":"max-video-preview:-1"},"canonical":"https:\/\/www.paterskerk.nl\/stichting\/","og_locale":"de_DE","og_type":"article","og_title":"Stiftung - Paterskerk","og_description":"Die Stiftung Paterskerk de Biest stellt sich die Aufgabe der Instandhaltung und Restauration, der aus 1461 stammende Franziskaner Kirche in Weert. Die","og_url":"https:\/\/www.paterskerk.nl\/stichting\/","og_site_name":"Paterskerk","article_modified_time":"2015-09-23T07:18:11+00:00","og_image":[{"url":"https:\/\/www.paterskerk.nl\/wp-content\/uploads\/2014\/06\/logo_anbi.png","type":"","width":"","height":""}],"twitter_card":"summary_large_image","schema":{"@context":"https:\/\/schema.org","@graph":[{"@type":"WebPage","@id":"https:\/\/www.paterskerk.nl\/stichting\/","url":"https:\/\/www.paterskerk.nl\/stichting\/","name":"Stiftung - Paterskerk","isPartOf":{"@id":"https:\/\/www.paterskerk.nl\/#website"},"primaryImageOfPage":{"@id":"https:\/\/www.paterskerk.nl\/stichting\/#primaryimage"},"image":{"@id":"https:\/\/www.paterskerk.nl\/stichting\/#primaryimage"},"thumbnailUrl":"https:\/\/www.paterskerk.nl\/wp-content\/uploads\/2014\/06\/logo_anbi.png","datePublished":"2014-09-01T15:45:14+00:00","dateModified":"2015-09-23T07:18:11+00:00","description":"Die Stiftung Paterskerk de Biest stellt sich die Aufgabe der Instandhaltung und Restauration, der aus 1461 stammende Franziskaner Kirche in Weert. Die","breadcrumb":{"@id":"https:\/\/www.paterskerk.nl\/stichting\/#breadcrumb"},"inLanguage":"de","potentialAction":[{"@type":"ReadAction","target":["https:\/\/www.paterskerk.nl\/stichting\/"]}]},{"@type":"ImageObject","inLanguage":"de","@id":"https:\/\/www.paterskerk.nl\/stichting\/#primaryimage","url":"https:\/\/www.paterskerk.nl\/wp-content\/uploads\/2014\/06\/logo_anbi.png","contentUrl":"https:\/\/www.paterskerk.nl\/wp-content\/uploads\/2014\/06\/logo_anbi.png"},{"@type":"BreadcrumbList","@id":"https:\/\/www.paterskerk.nl\/stichting\/#breadcrumb","itemListElement":[{"@type":"ListItem","position":1,"name":"Home","item":"https:\/\/www.paterskerk.nl\/de\/"},{"@type":"ListItem","position":2,"name":"Stiftung"}]},{"@type":"WebSite","@id":"https:\/\/www.paterskerk.nl\/#website","url":"https:\/\/www.paterskerk.nl\/","name":"Paterskerk","description":"Uw evenement in een monumentale ambiance","potentialAction":[{"@type":"SearchAction","target":{"@type":"EntryPoint","urlTemplate":"https:\/\/www.paterskerk.nl\/?s={search_term_string}"},"query-input":{"@type":"PropertyValueSpecification","valueRequired":true,"valueName":"search_term_string"}}],"inLanguage":"de"}]}},"_links":{"self":[{"href":"https:\/\/www.paterskerk.nl\/de\/wp-json\/wp\/v2\/pages\/3849","targetHints":{"allow":["GET"]}}],"collection":[{"href":"https:\/\/www.paterskerk.nl\/de\/wp-json\/wp\/v2\/pages"}],"about":[{"href":"https:\/\/www.paterskerk.nl\/de\/wp-json\/wp\/v2\/types\/page"}],"author":[{"embeddable":true,"href":"https:\/\/www.paterskerk.nl\/de\/wp-json\/wp\/v2\/users\/101011"}],"replies":[{"embeddable":true,"href":"https:\/\/www.paterskerk.nl\/de\/wp-json\/wp\/v2\/comments?post=3849"}],"version-history":[{"count":2,"href":"https:\/\/www.paterskerk.nl\/de\/wp-json\/wp\/v2\/pages\/3849\/revisions"}],"predecessor-version":[{"id":4258,"href":"https:\/\/www.paterskerk.nl\/de\/wp-json\/wp\/v2\/pages\/3849\/revisions\/4258"}],"wp:attachment":[{"href":"https:\/\/www.paterskerk.nl\/de\/wp-json\/wp\/v2\/media?parent=3849"}],"curies":[{"name":"wp","href":"https:\/\/api.w.org\/{rel}","templated":true}]}}