{"id":3880,"date":"2014-09-11T15:01:50","date_gmt":"2014-09-11T13:01:50","guid":{"rendered":"https:\/\/www.paterskerk.nl\/?page_id=3880"},"modified":"2014-09-11T15:42:05","modified_gmt":"2014-09-11T13:42:05","slug":"gottesdienste","status":"publish","type":"page","link":"https:\/\/www.paterskerk.nl\/de\/gottesdienste\/","title":{"rendered":"Gottesdienste"},"content":{"rendered":"<div  class='flex_column av-av_one_half-2a9015ff38129c418a3f2eafba3e9512 av_one_half  avia-builder-el-0  el_before_av_one_half  avia-builder-el-first  first flex_column_div  '     ><style type=\"text\/css\" data-created_by=\"avia_inline_auto\" id=\"style-css-av-av_image-06b64bbe592d5c03e1d61dc97793e1d5\">\n.avia-image-container.av-av_image-06b64bbe592d5c03e1d61dc97793e1d5 img.avia_image{\nbox-shadow:none;\n}\n.avia-image-container.av-av_image-06b64bbe592d5c03e1d61dc97793e1d5 .av-image-caption-overlay-center{\ncolor:#ffffff;\n}\n<\/style>\n<div  class='avia-image-container av-av_image-06b64bbe592d5c03e1d61dc97793e1d5 av-styling- avia-align-center  avia-builder-el-1  avia-builder-el-no-sibling '   itemprop=\"image\" itemscope=\"itemscope\" itemtype=\"https:\/\/schema.org\/ImageObject\" ><div class=\"avia-image-container-inner\"><div class=\"avia-image-overlay-wrap\"><img fetchpriority=\"high\" class='wp-image-3633 avia-img-lazy-loading-not-3633 avia_image ' src='https:\/\/www.paterskerk.nl\/wp-content\/uploads\/2014\/06\/Koor-paterskerk.jpg' alt='' title='Koor-paterskerk'   itemprop=\"thumbnailUrl\"  \/><\/div><\/div><\/div><\/div>\n<div  class='flex_column av-av_one_half-1c47c10d9dd6b9bc0b68f292c1cf5942 av_one_half  avia-builder-el-2  el_after_av_one_half  avia-builder-el-last  flex_column_div  '     ><section  class='av_textblock_section av-av_textblock-aaf3a53f7e22769a7798f31e42769683 '   itemscope=\"itemscope\" itemtype=\"https:\/\/schema.org\/CreativeWork\" ><div class='avia_textblock'  itemprop=\"text\" ><h4>Gottesdienste<\/h4>\n<p>Im Altarraum der Kirche auch Kapelle genannt werden t\u00e4glich\u00a0Andachten von und f\u00fcr die Bewohner des Alten und Pflegeheims Hieronymus, das im vormaligem Kloster zu Hause ist durchgef\u00fchrt. Unter Ihnen sind M\u00f6nche der Franziskaner und Nonnen der Soziet\u00e4t vom Heiligen Herz. Diese Andachten und Gottesdienste sind f\u00fcr jeden zug\u00e4nglich. Sie benutzen den Eingang vom Altenheim Hieronymus, an der Rezeption geradeaus, am Ende des Ganges befindet sich rechts der Altarraum bzw. die Kapelle.<\/p>\n<p><strong>Montag bis Samstag<\/strong><br \/>\n09.15 Uhr: Morgengebet und Eucharistie<br \/>\n17.00 Uhr: Vespergottesdienst<\/p>\n<p><strong>Sonntag<\/strong><br \/>\n9.30 Uhr: Morgengebet<br \/>\n10.30 Uhr: Heilige Messe<\/p>\n<p>F\u00fcr mehr Informationen:\u00a0<a title=\"Franciscanen.nl\" href=\"http:\/\/www.franciscanen.nl\/\" target=\"_blank\" rel=\"noopener\">www.franciscanen.nl<\/a><\/p>\n<\/div><\/section><\/div>\n","protected":false},"excerpt":{"rendered":"","protected":false},"author":101011,"featured_media":0,"parent":0,"menu_order":0,"comment_status":"closed","ping_status":"closed","template":"","meta":{"footnotes":""},"class_list":["post-3880","page","type-page","status-publish","hentry"],"yoast_head":"<!-- This site is optimized with the Yoast SEO plugin v27.1.1 - https:\/\/yoast.com\/product\/yoast-seo-wordpress\/ -->\n<title>Gottesdienste - Paterskerk<\/title>\n<meta name=\"robots\" content=\"index, follow, max-snippet:-1, max-image-preview:large, max-video-preview:-1\" \/>\n<link rel=\"canonical\" href=\"https:\/\/www.paterskerk.nl\/kerkdiensten\/\" \/>\n<meta property=\"og:locale\" content=\"de_DE\" \/>\n<meta property=\"og:type\" content=\"article\" \/>\n<meta property=\"og:title\" content=\"Gottesdienste - Paterskerk\" \/>\n<meta property=\"og:url\" content=\"https:\/\/www.paterskerk.nl\/kerkdiensten\/\" \/>\n<meta property=\"og:site_name\" content=\"Paterskerk\" \/>\n<meta property=\"article:modified_time\" content=\"2014-09-11T13:42:05+00:00\" \/>\n<meta property=\"og:image\" content=\"https:\/\/www.paterskerk.nl\/wp-content\/uploads\/2013\/04\/paterskerk-logo-pos.png\" \/>\n\t<meta property=\"og:image:width\" content=\"237\" \/>\n\t<meta property=\"og:image:height\" content=\"90\" \/>\n\t<meta property=\"og:image:type\" content=\"image\/png\" \/>\n<meta name=\"twitter:card\" content=\"summary_large_image\" \/>\n<meta name=\"twitter:label1\" content=\"Gesch\u00e4tzte Lesezeit\" \/>\n\t<meta name=\"twitter:data1\" content=\"1\u00a0Minute\" \/>\n<script type=\"application\/ld+json\" class=\"yoast-schema-graph\">{\"@context\":\"https:\/\/schema.org\",\"@graph\":[{\"@type\":\"WebPage\",\"@id\":\"https:\/\/www.paterskerk.nl\/kerkdiensten\/\",\"url\":\"https:\/\/www.paterskerk.nl\/kerkdiensten\/\",\"name\":\"Gottesdienste - Paterskerk\",\"isPartOf\":{\"@id\":\"https:\/\/www.paterskerk.nl\/#website\"},\"datePublished\":\"2014-09-11T13:01:50+00:00\",\"dateModified\":\"2014-09-11T13:42:05+00:00\",\"breadcrumb\":{\"@id\":\"https:\/\/www.paterskerk.nl\/kerkdiensten\/#breadcrumb\"},\"inLanguage\":\"de\",\"potentialAction\":[{\"@type\":\"ReadAction\",\"target\":[\"https:\/\/www.paterskerk.nl\/kerkdiensten\/\"]}]},{\"@type\":\"BreadcrumbList\",\"@id\":\"https:\/\/www.paterskerk.nl\/kerkdiensten\/#breadcrumb\",\"itemListElement\":[{\"@type\":\"ListItem\",\"position\":1,\"name\":\"Home\",\"item\":\"https:\/\/www.paterskerk.nl\/de\/\"},{\"@type\":\"ListItem\",\"position\":2,\"name\":\"Gottesdienste\"}]},{\"@type\":\"WebSite\",\"@id\":\"https:\/\/www.paterskerk.nl\/#website\",\"url\":\"https:\/\/www.paterskerk.nl\/\",\"name\":\"Paterskerk\",\"description\":\"Uw evenement in een monumentale ambiance\",\"potentialAction\":[{\"@type\":\"SearchAction\",\"target\":{\"@type\":\"EntryPoint\",\"urlTemplate\":\"https:\/\/www.paterskerk.nl\/?s={search_term_string}\"},\"query-input\":{\"@type\":\"PropertyValueSpecification\",\"valueRequired\":true,\"valueName\":\"search_term_string\"}}],\"inLanguage\":\"de\"}]}<\/script>\n<!-- \/ Yoast SEO plugin. -->","yoast_head_json":{"title":"Gottesdienste - Paterskerk","robots":{"index":"index","follow":"follow","max-snippet":"max-snippet:-1","max-image-preview":"max-image-preview:large","max-video-preview":"max-video-preview:-1"},"canonical":"https:\/\/www.paterskerk.nl\/kerkdiensten\/","og_locale":"de_DE","og_type":"article","og_title":"Gottesdienste - Paterskerk","og_url":"https:\/\/www.paterskerk.nl\/kerkdiensten\/","og_site_name":"Paterskerk","article_modified_time":"2014-09-11T13:42:05+00:00","og_image":[{"width":237,"height":90,"url":"https:\/\/www.paterskerk.nl\/wp-content\/uploads\/2013\/04\/paterskerk-logo-pos.png","type":"image\/png"}],"twitter_card":"summary_large_image","twitter_misc":{"Gesch\u00e4tzte Lesezeit":"1\u00a0Minute"},"schema":{"@context":"https:\/\/schema.org","@graph":[{"@type":"WebPage","@id":"https:\/\/www.paterskerk.nl\/kerkdiensten\/","url":"https:\/\/www.paterskerk.nl\/kerkdiensten\/","name":"Gottesdienste - Paterskerk","isPartOf":{"@id":"https:\/\/www.paterskerk.nl\/#website"},"datePublished":"2014-09-11T13:01:50+00:00","dateModified":"2014-09-11T13:42:05+00:00","breadcrumb":{"@id":"https:\/\/www.paterskerk.nl\/kerkdiensten\/#breadcrumb"},"inLanguage":"de","potentialAction":[{"@type":"ReadAction","target":["https:\/\/www.paterskerk.nl\/kerkdiensten\/"]}]},{"@type":"BreadcrumbList","@id":"https:\/\/www.paterskerk.nl\/kerkdiensten\/#breadcrumb","itemListElement":[{"@type":"ListItem","position":1,"name":"Home","item":"https:\/\/www.paterskerk.nl\/de\/"},{"@type":"ListItem","position":2,"name":"Gottesdienste"}]},{"@type":"WebSite","@id":"https:\/\/www.paterskerk.nl\/#website","url":"https:\/\/www.paterskerk.nl\/","name":"Paterskerk","description":"Uw evenement in een monumentale ambiance","potentialAction":[{"@type":"SearchAction","target":{"@type":"EntryPoint","urlTemplate":"https:\/\/www.paterskerk.nl\/?s={search_term_string}"},"query-input":{"@type":"PropertyValueSpecification","valueRequired":true,"valueName":"search_term_string"}}],"inLanguage":"de"}]}},"_links":{"self":[{"href":"https:\/\/www.paterskerk.nl\/de\/wp-json\/wp\/v2\/pages\/3880","targetHints":{"allow":["GET"]}}],"collection":[{"href":"https:\/\/www.paterskerk.nl\/de\/wp-json\/wp\/v2\/pages"}],"about":[{"href":"https:\/\/www.paterskerk.nl\/de\/wp-json\/wp\/v2\/types\/page"}],"author":[{"embeddable":true,"href":"https:\/\/www.paterskerk.nl\/de\/wp-json\/wp\/v2\/users\/101011"}],"replies":[{"embeddable":true,"href":"https:\/\/www.paterskerk.nl\/de\/wp-json\/wp\/v2\/comments?post=3880"}],"version-history":[{"count":4,"href":"https:\/\/www.paterskerk.nl\/de\/wp-json\/wp\/v2\/pages\/3880\/revisions"}],"predecessor-version":[{"id":3889,"href":"https:\/\/www.paterskerk.nl\/de\/wp-json\/wp\/v2\/pages\/3880\/revisions\/3889"}],"wp:attachment":[{"href":"https:\/\/www.paterskerk.nl\/de\/wp-json\/wp\/v2\/media?parent=3880"}],"curies":[{"name":"wp","href":"https:\/\/api.w.org\/{rel}","templated":true}]}}